{"id":9889,"date":"2022-09-28T17:32:22","date_gmt":"2022-09-28T14:32:22","guid":{"rendered":"https:\/\/lidagri.com\/?page_id=9889"},"modified":"2023-05-09T10:12:13","modified_gmt":"2023-05-09T07:12:13","slug":"topography-geodesy-cadastre","status":"publish","type":"page","link":"https:\/\/lidagri.com\/ro\/topography-geodesy-cadastre\/","title":{"rendered":"TOPOGRAFIE, GEODEZIE, CADASTRU"},"content":{"rendered":"<div class=\"vc_row wpb_row vc_row-fluid\"><div class=\"wpb_column vc_column_container vc_col-sm-6\"><div class=\"vc_column-inner\"><div class=\"wpb_wrapper\"><div class='dt-sc-title with-right-border-decor'><h2>INGINER GEODEZ<\/h2><p>cu peste 10 ani de experinta si Persoana Fizica Autorizata ANCPI \u00een vederea realiz\u0103rii \u0219i verific\u0103rii lucr\u0103rilor de specialitate \u00een domeniul cadastrului, geodeziei \u0219i cartografiei pe teritoriul Rom\u00e2niei relizez masuratori topografice, ofer asistenta tehnica si intocmesc documentatii cadastrale.<\/p><\/div><\/div><\/div><\/div><div class=\"wpb_column vc_column_container vc_col-sm-6\"><div class=\"vc_column-inner\"><div class=\"wpb_wrapper\"><div class='dt-sc-title with-right-border-decor'><h2>EXPERIENTA<\/h2><p>dob\u00e2ndit\u0103 ca inginer geodez lucr\u00e2nd pe \u0219antiere \u00een cadrul unor proiecte de anvengura printre acestea numarandu-se si  Tunelul de cale ferata de la Turdas component\u0103 a Coridorului IV Pan-European Feroviar fiind unul din cele mai importante proiecte de infrastructura feroviara realizate in Romania in ultimii 30 de ani, dar \u0219i cea ca \u0219i persoan\u0103 fizic\u0103 autorizat\u0103, m\u0103 ajuta pentru a veni \u00een sprijinul dumneavoastr\u0103 prompt \u0219i profesionist pentru a va oferi servicii c\u00e2t mai diversificate care s\u0103 se plieze nevoilor dumneavoastr\u0103.<\/p><\/div><\/div><\/div><\/div><\/div><div class=\"vc_row wpb_row vc_row-fluid\"><div class=\"wpb_column vc_column_container vc_col-sm-12\"><div class=\"vc_column-inner\"><div class=\"wpb_wrapper\"><div class=\"ult-spacer spacer-69e24152ebc1b\" data-id=\"69e24152ebc1b\" data-height=\"60\" data-height-mobile=\"60\" data-height-tab=\"60\" data-height-tab-portrait=\"60\" data-height-mobile-landscape=\"60\" style=\"clear:both;display:block;\"><\/div><\/div><\/div><\/div><\/div><div class=\"vc_row wpb_row vc_row-fluid\"><div class=\"wpb_column vc_column_container vc_col-sm-12\"><div class=\"vc_column-inner\"><div class=\"wpb_wrapper\"><div class=\"ult-spacer spacer-69e24152ebd68\" data-id=\"69e24152ebd68\" data-height=\"60\" data-height-mobile=\"60\" data-height-tab=\"60\" data-height-tab-portrait=\"60\" data-height-mobile-landscape=\"60\" style=\"clear:both;display:block;\"><\/div><\/div><\/div><\/div><\/div><div class=\"vc_row wpb_row vc_row-fluid\"><div class=\"wpb_column vc_column_container vc_col-sm-12\"><div class=\"vc_column-inner\"><div class=\"wpb_wrapper\">\r\n\t<div class=\"wpb_text_column wpb_content_element\" >\r\n\t\t<div class=\"wpb_wrapper\">\r\n\t\t\t<p><strong>Prin experienta acumulata dea lungul timpului oferim o gama variata de servicii cum ar fi:<\/strong><\/p>\n\r\n\t\t<\/div>\r\n\t<\/div>\r\n<\/div><\/div><\/div><\/div><div class=\"vc_row wpb_row vc_row-fluid\"><div class=\"wpb_column vc_column_container vc_col-sm-6\"><div class=\"vc_column-inner\"><div class=\"wpb_wrapper\"><ul class='dt-sc-fancy-list   arrow'>\n<li>Documentatii cadastrale  de intabulare (apartamente, case si terenuri);<\/li>\n<li>Actualizari documentatii cadastrale;<\/li>\n<li>Alipire terenuri;<\/li>\n<li>Ridicari topografice;<\/li>\n<\/ul><\/div><\/div><\/div><div class=\"wpb_column vc_column_container vc_col-sm-6\"><div class=\"vc_column-inner\"><div class=\"wpb_wrapper\"><ul class='dt-sc-fancy-list   arrow'>\n<li>Planuri de situatie;<\/li>\n<li>Localizare terenuri  in  Google Earth pe baza documentatiei cadastrale;<\/li>\n<li>La cerere se pot realiza baze de date pe baza documentatiilor cadastrale;<\/li>\n<li>Asistenta tehnica;<\/li>\n<li>Constultanta.<\/li>\n<\/ul><\/div><\/div><\/div><\/div><div class=\"vc_row wpb_row vc_row-fluid\"><div class=\"wpb_column vc_column_container vc_col-sm-12\"><div class=\"vc_column-inner\"><div class=\"wpb_wrapper\"><div class=\"ult-spacer spacer-69e2415300340\" data-id=\"69e2415300340\" data-height=\"60\" data-height-mobile=\"60\" data-height-tab=\"60\" data-height-tab-portrait=\"60\" data-height-mobile-landscape=\"60\" style=\"clear:both;display:block;\"><\/div>\r\n\t<div class=\"wpb_text_column wpb_content_element\" >\r\n\t\t<div class=\"wpb_wrapper\">\r\n\t\t\t<h2 style=\"text-align: center;\">Cand ai nevoie de servicii ca topografie, geodezie, cadastru  va rugam sa ne solicitati un cost urmatoarea adresa de e-mail: realestate@lidagri.com <a href=\"mailto:office@lidagri.com\">office@lidagri.com<\/a><\/h2>\n\r\n\t\t<\/div>\r\n\t<\/div>\r\n<\/div><\/div><\/div><\/div><div class=\"vc_row wpb_row vc_row-fluid\"><div class=\"wpb_column vc_column_container vc_col-sm-12\"><div class=\"vc_column-inner\"><div class=\"wpb_wrapper\"><div class=\"ult-spacer spacer-69e24153005a7\" data-id=\"69e24153005a7\" data-height=\"60\" data-height-mobile=\"60\" data-height-tab=\"60\" data-height-tab-portrait=\"60\" data-height-mobile-landscape=\"60\" style=\"clear:both;display:block;\"><\/div><div class=\"vc_row wpb_row vc_inner vc_row-fluid vc_custom_1655633639481\"><div class=\"wpb_column vc_column_container vc_col-sm-4\"><div class=\"vc_column-inner vc_custom_1456385667254\"><div class=\"wpb_wrapper\"><div class='dt-sc-contact-info type4'><span class='pe-icon pe-mail'> <\/span><h6>Trimite-ne un email @<\/h6><a title=\"\" href=\"mailto:office@lidagri.com\">office@lidagri.com<\/a> <br><\/div><\/div><\/div><\/div><div class=\"wpb_column vc_column_container vc_col-sm-4\"><div class=\"vc_column-inner vc_custom_1456385659641\"><div class=\"wpb_wrapper\"><div class='dt-sc-contact-info type4'><span class='pe-icon pe-map-marker'> <\/span><h6>Locatia noastra<\/h6>Constanta, Romania<br><\/div><\/div><\/div><\/div><div class=\"last wpb_column vc_column_container vc_col-sm-4\"><div class=\"vc_column-inner vc_custom_1456385651028\"><div class=\"wpb_wrapper\"><div class='dt-sc-contact-info type4'><span class='pe-icon pe-timer'> <\/span><h6>Program<\/h6>Luni \u2013 Vineri: 09:00 - 17:00 <br><\/div><\/div><\/div><\/div><\/div><\/div><\/div><\/div><\/div><div class=\"vc_row wpb_row vc_row-fluid\"><div class=\"wpb_column vc_column_container vc_col-sm-12\"><div class=\"vc_column-inner\"><div class=\"wpb_wrapper\"><div class=\"ult-spacer spacer-69e2415300bf1\" data-id=\"69e2415300bf1\" data-height=\"60\" data-height-mobile=\"60\" data-height-tab=\"60\" data-height-tab-portrait=\"60\" data-height-mobile-landscape=\"60\" style=\"clear:both;display:block;\"><\/div><\/div><\/div><\/div><\/div>","protected":false},"excerpt":{"rendered":"GEODETIC ENGINEERwith more than 10 years of experience and ANCPI (National Agency for Cadastre and Real Estate Publicity) sole proprietorship with connection to carrying out and verifying specialized works in the field of cadastre, geodesy and cartography on the Romanian territory. I carry out topographic measurements, I offer technical assistance and I draw up cadastral [...]","protected":false},"author":1,"featured_media":0,"parent":0,"menu_order":0,"comment_status":"open","ping_status":"open","template":"","meta":[],"yoast_head":"<!-- This site is optimized with the Yoast SEO plugin v20.1 - https:\/\/yoast.com\/wordpress\/plugins\/seo\/ -->\n<title>TOPOGRAPHY, GEODESY, CADASTRE - LidAGRI<\/title>\n<meta name=\"robots\" content=\"index, follow, max-snippet:-1, max-image-preview:large, max-video-preview:-1\" \/>\n<link rel=\"canonical\" href=\"https:\/\/lidagri.com\/ro\/topography-geodesy-cadastre\/\" \/>\n<meta property=\"og:locale\" content=\"ro_RO\" \/>\n<meta property=\"og:type\" content=\"article\" \/>\n<meta property=\"og:title\" content=\"TOPOGRAPHY, GEODESY, CADASTRE - LidAGRI\" \/>\n<meta property=\"og:url\" content=\"https:\/\/lidagri.com\/ro\/topography-geodesy-cadastre\/\" \/>\n<meta property=\"og:site_name\" content=\"LidAGRI\" \/>\n<meta property=\"article:modified_time\" content=\"2023-05-09T07:12:13+00:00\" \/>\n<meta name=\"twitter:card\" content=\"summary_large_image\" \/>\n<meta name=\"twitter:label1\" content=\"Timp estimat pentru citire\" \/>\n\t<meta name=\"twitter:data1\" content=\"2 minute\" \/>\n<script type=\"application\/ld+json\" class=\"yoast-schema-graph\">{\"@context\":\"https:\/\/schema.org\",\"@graph\":[{\"@type\":\"WebPage\",\"@id\":\"https:\/\/lidagri.com\/topography-geodesy-cadastre\/\",\"url\":\"https:\/\/lidagri.com\/topography-geodesy-cadastre\/\",\"name\":\"TOPOGRAPHY, GEODESY, CADASTRE - LidAGRI\",\"isPartOf\":{\"@id\":\"https:\/\/lidagri.com\/#website\"},\"datePublished\":\"2022-09-28T14:32:22+00:00\",\"dateModified\":\"2023-05-09T07:12:13+00:00\",\"breadcrumb\":{\"@id\":\"https:\/\/lidagri.com\/topography-geodesy-cadastre\/#breadcrumb\"},\"inLanguage\":\"ro-RO\",\"potentialAction\":[{\"@type\":\"ReadAction\",\"target\":[\"https:\/\/lidagri.com\/topography-geodesy-cadastre\/\"]}]},{\"@type\":\"BreadcrumbList\",\"@id\":\"https:\/\/lidagri.com\/topography-geodesy-cadastre\/#breadcrumb\",\"itemListElement\":[{\"@type\":\"ListItem\",\"position\":1,\"name\":\"Home\",\"item\":\"https:\/\/lidagri.com\/\"},{\"@type\":\"ListItem\",\"position\":2,\"name\":\"TOPOGRAPHY, GEODESY, CADASTRE\"}]},{\"@type\":\"WebSite\",\"@id\":\"https:\/\/lidagri.com\/#website\",\"url\":\"https:\/\/lidagri.com\/\",\"name\":\"LidAGRI\",\"description\":\"Brokerage &amp; Trading Solutions\",\"potentialAction\":[{\"@type\":\"SearchAction\",\"target\":{\"@type\":\"EntryPoint\",\"urlTemplate\":\"https:\/\/lidagri.com\/?s={search_term_string}\"},\"query-input\":\"required name=search_term_string\"}],\"inLanguage\":\"ro-RO\"}]}<\/script>\n<!-- \/ Yoast SEO plugin. -->","yoast_head_json":{"title":"TOPOGRAPHY, GEODESY, CADASTRE - LidAGRI","robots":{"index":"index","follow":"follow","max-snippet":"max-snippet:-1","max-image-preview":"max-image-preview:large","max-video-preview":"max-video-preview:-1"},"canonical":"https:\/\/lidagri.com\/ro\/topography-geodesy-cadastre\/","og_locale":"ro_RO","og_type":"article","og_title":"TOPOGRAPHY, GEODESY, CADASTRE - LidAGRI","og_url":"https:\/\/lidagri.com\/ro\/topography-geodesy-cadastre\/","og_site_name":"LidAGRI","article_modified_time":"2023-05-09T07:12:13+00:00","twitter_card":"summary_large_image","twitter_misc":{"Timp estimat pentru citire":"2 minute"},"schema":{"@context":"https:\/\/schema.org","@graph":[{"@type":"WebPage","@id":"https:\/\/lidagri.com\/topography-geodesy-cadastre\/","url":"https:\/\/lidagri.com\/topography-geodesy-cadastre\/","name":"TOPOGRAPHY, GEODESY, CADASTRE - LidAGRI","isPartOf":{"@id":"https:\/\/lidagri.com\/#website"},"datePublished":"2022-09-28T14:32:22+00:00","dateModified":"2023-05-09T07:12:13+00:00","breadcrumb":{"@id":"https:\/\/lidagri.com\/topography-geodesy-cadastre\/#breadcrumb"},"inLanguage":"ro-RO","potentialAction":[{"@type":"ReadAction","target":["https:\/\/lidagri.com\/topography-geodesy-cadastre\/"]}]},{"@type":"BreadcrumbList","@id":"https:\/\/lidagri.com\/topography-geodesy-cadastre\/#breadcrumb","itemListElement":[{"@type":"ListItem","position":1,"name":"Home","item":"https:\/\/lidagri.com\/"},{"@type":"ListItem","position":2,"name":"TOPOGRAPHY, GEODESY, CADASTRE"}]},{"@type":"WebSite","@id":"https:\/\/lidagri.com\/#website","url":"https:\/\/lidagri.com\/","name":"LidAGRI","description":"Brokerage &amp; Trading Solutions","potentialAction":[{"@type":"SearchAction","target":{"@type":"EntryPoint","urlTemplate":"https:\/\/lidagri.com\/?s={search_term_string}"},"query-input":"required name=search_term_string"}],"inLanguage":"ro-RO"}]}},"_links":{"self":[{"href":"https:\/\/lidagri.com\/ro\/wp-json\/wp\/v2\/pages\/9889"}],"collection":[{"href":"https:\/\/lidagri.com\/ro\/wp-json\/wp\/v2\/pages"}],"about":[{"href":"https:\/\/lidagri.com\/ro\/wp-json\/wp\/v2\/types\/page"}],"author":[{"embeddable":true,"href":"https:\/\/lidagri.com\/ro\/wp-json\/wp\/v2\/users\/1"}],"replies":[{"embeddable":true,"href":"https:\/\/lidagri.com\/ro\/wp-json\/wp\/v2\/comments?post=9889"}],"version-history":[{"count":8,"href":"https:\/\/lidagri.com\/ro\/wp-json\/wp\/v2\/pages\/9889\/revisions"}],"predecessor-version":[{"id":9923,"href":"https:\/\/lidagri.com\/ro\/wp-json\/wp\/v2\/pages\/9889\/revisions\/9923"}],"wp:attachment":[{"href":"https:\/\/lidagri.com\/ro\/wp-json\/wp\/v2\/media?parent=9889"}],"curies":[{"name":"wp","href":"https:\/\/api.w.org\/{rel}","templated":true}]}}